{"id":418,"date":"2025-04-04T04:29:35","date_gmt":"2025-04-04T01:29:35","guid":{"rendered":"https:\/\/gaviaspreview.com\/wp\/homirx\/?page_id=25"},"modified":"2025-06-10T03:05:53","modified_gmt":"2025-06-10T00:05:53","slug":"portfoy","status":"publish","type":"page","link":"https:\/\/www.resitalbalatgayrimenkul.com\/?page_id=418","title":{"rendered":"Portf\u00f6y\u00fcm\u00fcz"},"content":{"rendered":"\t\t<div data-elementor-type=\"wp-page\" data-elementor-id=\"418\" class=\"elementor elementor-418\">\n\t\t\t\t<div class=\"elementor-element elementor-element-19c66e9 e-flex e-con-boxed e-con e-parent\" data-id=\"19c66e9\" data-element_type=\"container\" data-e-type=\"container\" data-settings=\"{&quot;background_background&quot;:&quot;classic&quot;}\">\n\t\t\t\t\t<div class=\"e-con-inner\">\n\t\t\t\t<div class=\"elementor-element elementor-element-5305489 property-block-style-4 list-col-2 card-info-show view-as-show elementor-widget elementor-widget-gva-archive-listing\" data-id=\"5305489\" data-element_type=\"widget\" data-e-type=\"widget\" data-widget_type=\"gva-archive-listing.default\">\n\t\t\t\t<div class=\"elementor-widget-container\">\n\t\t\t\t\t<div class=\"gva-element-gva-archive-listing gva-element property-block-style-4\"><!-- directorist-shortcode:: [ directorist_all_listing] -->\n<div class=\"directorist-archive-contents directorist-contents-wrap directorist-w-100 directorist-instant-search\"data-atts=\"{&quot;advanced_filter&quot;:&quot;yes&quot;,&quot;view&quot;:&quot;grid&quot;,&quot;map_height&quot;:&quot;500&quot;,&quot;columns&quot;:&quot;3&quot;,&quot;listings_per_page&quot;:&quot;50&quot;,&quot;show_pagination&quot;:&quot;no&quot;,&quot;category&quot;:&quot;&quot;,&quot;tag&quot;:&quot;&quot;,&quot;location&quot;:&quot;&quot;,&quot;featured_only&quot;:&quot;no&quot;,&quot;popular_only&quot;:&quot;no&quot;,&quot;logged_in_user_only&quot;:&quot;no&quot;,&quot;display_preview_image&quot;:&quot;yes&quot;,&quot;orderby&quot;:&quot;date&quot;,&quot;order&quot;:&quot;desc&quot;,&quot;sidebar&quot;:&quot;no_sidebar&quot;,&quot;_current_page&quot;:&quot;listing&quot;}\">\n\t<div class=\"listing-with-sidebar archive-search-top\">\n\t\t<div class=\"directorist-container\">\n\t\t\t<div class=\"listing-search-top__wrapper\">\n\t\t\t\t<div class=\"listing-search-top__type-nav\">\n\t\t\t\t\t<div class=\"directorist-type-nav\">\n\t<ul class=\"directorist-type-nav__list\">\n\n\t\t\n\t\t\n\t\t\t<li class=\"\">\n\t\t\t\t<a class=\"directorist-type-nav__link\" href=\"\/index.php?rest_route=%2Fwp%2Fv2%2Fpages%2F418&#038;directory_type=test\" data-listing_type=\"test\" data-listing_type_id=\"62\"><i class=\"directorist-icon-mask\" aria-hidden=\"true\" style=\"--directorist-icon: url(https:\/\/www.resitalbalatgayrimenkul.com\/wp-content\/plugins\/directorist\/assets\/icons\/font-awesome\/svgs\/solid\/map-marker-alt.svg)\"><\/i> Arsa<\/a>\n\t\t\t<\/li>\n\n\t\t\n\t\t\t<li class=\"\">\n\t\t\t\t<a class=\"directorist-type-nav__link\" href=\"\/index.php?rest_route=%2Fwp%2Fv2%2Fpages%2F418&#038;directory_type=daire\" data-listing_type=\"daire\" data-listing_type_id=\"64\"><i class=\"directorist-icon-mask\" aria-hidden=\"true\" style=\"--directorist-icon: url(https:\/\/www.resitalbalatgayrimenkul.com\/wp-content\/plugins\/directorist\/assets\/icons\/font-awesome\/svgs\/solid\/map-marker-alt.svg)\"><\/i> Daire<\/a>\n\t\t\t<\/li>\n\n\t\t\n\t\t\t<li class=\"current directorist-type-nav__list__current\">\n\t\t\t\t<a class=\"directorist-type-nav__link\" href=\"\/index.php?rest_route=%2Fwp%2Fv2%2Fpages%2F418&#038;directory_type=villa\" data-listing_type=\"villa\" data-listing_type_id=\"63\"><i class=\"directorist-icon-mask\" aria-hidden=\"true\" style=\"--directorist-icon: url(https:\/\/www.resitalbalatgayrimenkul.com\/wp-content\/plugins\/directorist\/assets\/icons\/font-awesome\/svgs\/solid\/map-marker-alt.svg)\"><\/i> Villa<\/a>\n\t\t\t<\/li>\n\n\t\t\n\t<\/ul>\n<\/div>\n\t\t\t\t<\/div>\n\t\t\t\t\n\t\t\t\t<div class=\"listing-search-top__searchform\">\n\t\t\t\t\t<div class=searchform__basic>\n\t\t\t\t\t\t\n<form action=\"https:\/\/www.resitalbalatgayrimenkul.com\/?page_id=427\" class=\"directorist-search-form directorist-basic-search\">\n    <div class=\"directorist-search-form__box\">\n        <div class=\"directorist-search-form-top directorist-flex directorist-align-center directorist-search-form-inline directorist-search-form__top\">\n            <input type=\"hidden\" name='directory_type' value='villa'>\n            <div class=\"directorist-search-field directorist-form-group\">\n\t<div class=\"field-wrap\">\n\t\t<div class=\"field-title\">Anahtar Kelime<\/div>\n\t\t<div class=\"field-content\">\n\t\t\t<div class=\"directorist-form-group directorist-search-query\">\n\t\t\t\t<input class=\"input-search-keywork\" type=\"text\" name=\"q\" value=\"\" placeholder=\"Anahtar Kelime\" >\n\t\t\t<\/div>\n\t\t<\/div>\n\t<\/div>\n<\/div><div class=\"directorist-search-field\">\n\t<div class=\"field-wrap\">\n\t\t<div class=\"field-title\">Kategori<\/div>\n\t\t<div class=\"field-content\">\n\t\t\t<div class=\"directorist-select directorist-search-category\">\n\t\t\t\t<select name=\"in_cat\" class=\"search_fields bdas-category-search directorist-category-select\" data-placeholder=\"Kategori Se\u00e7\"  data-isSearch=\"true\" data-selected-id=\"\" data-selected-label=\"\">\n\t\t\t\t\t<option value=\"\">Kategori Se\u00e7<\/option>\t\t\t\t<\/select>\n\t\t\t<\/div>\n\t\t<\/div>\n\t<\/div>\n<\/div>\n\t<div class=\"directorist-search-field\">\n\t\t<div class=\"field-wrap\">\n\t\t\t<div class=\"field-title\">Konum<\/div>\n\t\t\t<div class=\"field-content\">\n\t\t\t\t<div class=\"directorist-search-location map-source\">\n\t\t\t\t\t<span class=\"directorist-input-icon directorist-filter-location-icon\"><i class=\"directorist-icon-mask\" aria-hidden=\"true\" style=\"--directorist-icon: url(https:\/\/www.resitalbalatgayrimenkul.com\/wp-content\/plugins\/directorist\/assets\/icons\/line-awesome\/svgs\/crosshairs-solid.svg)\"><\/i><\/span>\n\t\t\t\t\t<input type=\"text\" name=\"address\" id=\"addressId\" value=\"\" placeholder=\"Konum\" autocomplete=\"off\" class=\"directorist-form-element directorist-location-js location-name\" >\n\n\t\t\t\t\t<div class=\"address_result location-names\" style=\"display: none\"><\/div>\n\t\t\t\t\t<input type=\"hidden\" id=\"cityLat\" name=\"cityLat\" value=\"\" \/>\n\t\t\t\t\t<input type=\"hidden\" id=\"cityLng\" name=\"cityLng\" value=\"\" \/>\n\t\t\t\t<\/div>\n\t\t\t<\/div>\n\t\t<\/div>\n\t<\/div>\n\n\t\n        <\/div>\n        \n                    <div class=\"directorist-search-form-action\">\n                <div class=\"directorist-search-form-action__submit\">\n                    <button type=\"submit\" class=\"directorist-btn directorist-btn-lg directorist-btn-primary directorist-btn-search\">\n\n                                                    <i class=\"directorist-icon-mask\" aria-hidden=\"true\" style=\"--directorist-icon: url(https:\/\/www.resitalbalatgayrimenkul.com\/wp-content\/plugins\/directorist\/assets\/icons\/line-awesome\/svgs\/search-solid.svg)\"><\/i>                        \n                        Listelemeyi Ara\n                    <\/button>\n                <\/div>\n            <\/div>\n            <\/div>\n<\/form><a class=\"searchform__advanced-button\" href=\"#filter\"><i class=\"fa-solid fa-filter\"><\/i>More<\/a>\t\t\t\t\t<\/div>\n\t\t\t\t\t<div class=\"searchform_advanced\">\n\t\t\t\t\t\t<form action=\"https:\/\/www.resitalbalatgayrimenkul.com\/?page_id=427\" class=\"directorist-search-form directorist-advanced-search\">\n    <div class=\"directorist-search-form__box\">\n        <div class=\"directorist-advanced-filter__top\">\n            <h2 class=\"directorist-advanced-filter__title\">Filtreler<\/h2>\n            <button class=\"directorist-search-modal__contents__btn directorist-advanced-filter__close\" type=\"button\"  aria-label=\"Sidebar Filter Close Button\">\n                <i class=\"directorist-icon-mask\" aria-hidden=\"true\" style=\"--directorist-icon: url(https:\/\/www.resitalbalatgayrimenkul.com\/wp-content\/plugins\/directorist\/assets\/icons\/font-awesome\/svgs\/solid\/times.svg)\"><\/i>            <\/button>\n        <\/div>\n        <div class=\"directorist-advanced-filter__advanced\">\n        <input type=\"hidden\" name='directory_type' value='villa'>\n                        <div class=\"directorist-advanced-filter__action directorist-advanced-filter__action--ajax\">\n                <button type=\"button\" class=\"directorist-btn-reset-js directorist-btn-reset-ajax\">T\u00fcm\u00fcn\u00fc Temizle<\/button>\n            <\/div>\n        <\/div>\n\n        \n            \n<div class=\"directorist-advanced-filter__action directorist-flex directorist-align-center directorist-justify-content-between flex-wrap\">\n\n            <button type=\"submit\" class=\"directorist-btn directorist-btn-sm directorist-btn-submit\">Apply Filters<\/button>\n    \n            <button type=\"submit\" class=\"directorist-btn-reset-js\">Reset Filters<\/button>\n    \n<\/div>\n         \n\n    <\/div>\n<\/form>\t\t\t\t\t<\/div>\n\t\t\t\t<\/div>\n\n\t\t\t\t\n\t\t\t\t<div class=\"listing-search-top__contents\">\n\t\t\t\t\t<section class=\"listing-search-top__listing\">\n\t\t\t\t\t\t\n<div class=\"directorist-archive-items directorist-archive-grid-view \">\n    <div class=\"directorist-container-fluid\">\n\n        \n        \n            <div class=\" directorist-row\">\n\n                        <div class=\"directorist-col-4\">\n                \n<div class=\"property-block listing-has-thumb \">\n\n\t<div class=\"property-block__thumb\">\n\t\t<div class='directorist-thumnail-card directorist-card-full'><a href=\"https:\/\/www.resitalbalatgayrimenkul.com\/?at_biz_dir=gumustepe-hill-villalarinda-41-satilik-villa-2\"><img src='https:\/\/www.resitalbalatgayrimenkul.com\/wp-content\/uploads\/2025\/06\/big_1240647011glr-600x385.jpg' alt='big_1240647011glr' \/><\/a><\/div><div class=\"directorist-thumb-listing-author directorist-alignment-right\">\n    <a href=\"https:\/\/www.resitalbalatgayrimenkul.com\/?page_id=433\" aria-label=\"Author Image\" class=\"\">\n        <img alt='Resital Balat' src='https:\/\/secure.gravatar.com\/avatar\/5ef31376cba1a752da7417d4a2ee0aff62647661f1f11d2dee953542a88dc443?s=32&#038;d=mm&#038;r=g' class='avatar avatar-32 photo' height='32' width='32' \/>    <\/a>\n<\/div>\t\t<div class=\"property-thumb-top-left\"><\/div>\n\t\t<div class=\"property-thumb-top-right\">\n<button class=\"directorist-mark-as-favorite__btn  directorist-fav_829\" data-listing_id=\"829\" aria-label=\"Add to Favorite Button\">\n    <span class=\"directorist-favorite-icon\"><\/span>\n    <span class=\"directorist-favorite-tooltip\"><\/span>\n<\/button><\/div>\n\t\t<div class=\"property-thumb-bottom-left\"><\/div>\n\t\t<div class=\"property-thumb-bottom-right\"><\/div>\n\t<\/div>\n\n\t<div class=\"property-block__content\">\n\n\t\t<div class=\"property-block__info\">\n\t\t\t<div class=\"property-block__info--top\">\n<h2 class=\"directorist-listing-title\"><a href=\"https:\/\/www.resitalbalatgayrimenkul.com\/?at_biz_dir=gumustepe-hill-villalarinda-41-satilik-villa-2\">G\u00dcM\u00dc\u015eTEPE H\u0130LL V\u0130LLALARI&#8217;NDA 4+1 SATILIK V\u0130LLA<\/a><\/h2>\n\n<\/div>\n\t\t\t<div class=\"property-block__info--list\">\n<div class=\"property-card-address info-fullwidth\">\n\t<i class=\"directorist-icon-mask\" aria-hidden=\"true\" style=\"--directorist-icon: url(https:\/\/www.resitalbalatgayrimenkul.com\/wp-content\/plugins\/directorist\/assets\/icons\/font-awesome\/svgs\/solid\/map-marker-alt.svg)\"><\/i>\t<span class=\"property-single__info--list__label\"><\/span>\n\tG\u00fcm\u00fc\u015ftepe, Nil\u00fcfer, Bursa, Marmara B\u00f6lgesi, 16110, T\u00fcrkiye<\/div><\/div>\n\t\t\t<div class=\"property-block__info--excerpt\"><\/div>\n\t\t<\/div>\n\n\t\t<div class=\"property-block__meta\">\n\t\t\t<div class=\"property-block__meta--left\">\n<span class=\"directorist-info-item directorist-pricing-meta\">\n    \n<span class=\"directorist-listing-price\">TL29.000.000,00<\/span><\/span><\/div>\n\t\t\t<div class=\"property-block__meta--right\">\n<div class=\"property-listing-link\">\n   <a href=\"https:\/\/www.resitalbalatgayrimenkul.com\/?at_biz_dir=gumustepe-hill-villalarinda-41-satilik-villa-2\">\n      <i class=\"icon fa-solid fa-house\"><\/i>      Details   <\/a>\n<\/div><\/div>\n\t\t<\/div>\n\n\t<\/div>\n\n<\/div>            <\/div>\n                        <div class=\"directorist-col-4\">\n                \n<div class=\"property-block listing-has-thumb \">\n\n\t<div class=\"property-block__thumb\">\n\t\t<div class='directorist-thumnail-card directorist-card-full'><a href=\"https:\/\/www.resitalbalatgayrimenkul.com\/?at_biz_dir=bademli-dalgic-8-sitesinde-41-satilik-villa\"><img src='https:\/\/www.resitalbalatgayrimenkul.com\/wp-content\/uploads\/2025\/06\/big_12407723117as-600x385.jpg' alt='big_12407723117as' \/><\/a><\/div><div class=\"directorist-thumb-listing-author directorist-alignment-right\">\n    <a href=\"https:\/\/www.resitalbalatgayrimenkul.com\/?page_id=433\" aria-label=\"Author Image\" class=\"\">\n        <img alt='Resital Balat' src='https:\/\/secure.gravatar.com\/avatar\/5ef31376cba1a752da7417d4a2ee0aff62647661f1f11d2dee953542a88dc443?s=32&#038;d=mm&#038;r=g' class='avatar avatar-32 photo' height='32' width='32' \/>    <\/a>\n<\/div>\t\t<div class=\"property-thumb-top-left\"><\/div>\n\t\t<div class=\"property-thumb-top-right\">\n<button class=\"directorist-mark-as-favorite__btn  directorist-fav_821\" data-listing_id=\"821\" aria-label=\"Add to Favorite Button\">\n    <span class=\"directorist-favorite-icon\"><\/span>\n    <span class=\"directorist-favorite-tooltip\"><\/span>\n<\/button><\/div>\n\t\t<div class=\"property-thumb-bottom-left\"><\/div>\n\t\t<div class=\"property-thumb-bottom-right\"><\/div>\n\t<\/div>\n\n\t<div class=\"property-block__content\">\n\n\t\t<div class=\"property-block__info\">\n\t\t\t<div class=\"property-block__info--top\">\n<h2 class=\"directorist-listing-title\"><a href=\"https:\/\/www.resitalbalatgayrimenkul.com\/?at_biz_dir=bademli-dalgic-8-sitesinde-41-satilik-villa\">BADEML\u0130 DALGI\u00c7 8 S\u0130TES\u0130&#8217;NDE 4+1 SATILIK V\u0130LLA<\/a><\/h2>\n\n<\/div>\n\t\t\t<div class=\"property-block__info--list\">\n<div class=\"property-card-address info-fullwidth\">\n\t<i class=\"directorist-icon-mask\" aria-hidden=\"true\" style=\"--directorist-icon: url(https:\/\/www.resitalbalatgayrimenkul.com\/wp-content\/plugins\/directorist\/assets\/icons\/font-awesome\/svgs\/solid\/map-marker-alt.svg)\"><\/i>\t<span class=\"property-single__info--list__label\"><\/span>\n\tBademli, Mudanya, Bursa, Marmara B\u00f6lgesi, 16960, T\u00fcrkiye<\/div><\/div>\n\t\t\t<div class=\"property-block__info--excerpt\"><\/div>\n\t\t<\/div>\n\n\t\t<div class=\"property-block__meta\">\n\t\t\t<div class=\"property-block__meta--left\">\n<span class=\"directorist-info-item directorist-pricing-meta\">\n    \n<span class=\"directorist-listing-price\">TL21.000.000,00<\/span><\/span><\/div>\n\t\t\t<div class=\"property-block__meta--right\">\n<div class=\"property-listing-link\">\n   <a href=\"https:\/\/www.resitalbalatgayrimenkul.com\/?at_biz_dir=bademli-dalgic-8-sitesinde-41-satilik-villa\">\n      <i class=\"icon fa-solid fa-house\"><\/i>      Details   <\/a>\n<\/div><\/div>\n\t\t<\/div>\n\n\t<\/div>\n\n<\/div>            <\/div>\n                        <div class=\"directorist-col-4\">\n                \n<div class=\"property-block listing-has-thumb \">\n\n\t<div class=\"property-block__thumb\">\n\t\t<div class='directorist-thumnail-card directorist-card-full'><a href=\"https:\/\/www.resitalbalatgayrimenkul.com\/?at_biz_dir=nilufer-19-mayista-61-sehir-manzarali-mustakil-satilik-villa\"><img src='https:\/\/www.resitalbalatgayrimenkul.com\/wp-content\/uploads\/2025\/06\/big_1240785408i13-600x385.jpg' alt='big_1240785408i13' \/><\/a><\/div><div class=\"directorist-thumb-listing-author directorist-alignment-right\">\n    <a href=\"https:\/\/www.resitalbalatgayrimenkul.com\/?page_id=433\" aria-label=\"Author Image\" class=\"\">\n        <img alt='Resital Balat' src='https:\/\/secure.gravatar.com\/avatar\/5ef31376cba1a752da7417d4a2ee0aff62647661f1f11d2dee953542a88dc443?s=32&#038;d=mm&#038;r=g' class='avatar avatar-32 photo' height='32' width='32' \/>    <\/a>\n<\/div>\t\t<div class=\"property-thumb-top-left\"><\/div>\n\t\t<div class=\"property-thumb-top-right\">\n<button class=\"directorist-mark-as-favorite__btn  directorist-fav_802\" data-listing_id=\"802\" aria-label=\"Add to Favorite Button\">\n    <span class=\"directorist-favorite-icon\"><\/span>\n    <span class=\"directorist-favorite-tooltip\"><\/span>\n<\/button><\/div>\n\t\t<div class=\"property-thumb-bottom-left\"><\/div>\n\t\t<div class=\"property-thumb-bottom-right\"><\/div>\n\t<\/div>\n\n\t<div class=\"property-block__content\">\n\n\t\t<div class=\"property-block__info\">\n\t\t\t<div class=\"property-block__info--top\">\n<h2 class=\"directorist-listing-title\"><a href=\"https:\/\/www.resitalbalatgayrimenkul.com\/?at_biz_dir=nilufer-19-mayista-61-sehir-manzarali-mustakil-satilik-villa\">N\u0130L\u00dcFER 19 MAYIS&#8217;TA 6+1 \u015eEH\u0130R MANZARALI M\u00dcSTAK\u0130L SATILIK ViLLA<\/a><\/h2>\n\n<\/div>\n\t\t\t<div class=\"property-block__info--list\">\n<div class=\"property-card-address info-fullwidth\">\n\t<i class=\"directorist-icon-mask\" aria-hidden=\"true\" style=\"--directorist-icon: url(https:\/\/www.resitalbalatgayrimenkul.com\/wp-content\/plugins\/directorist\/assets\/icons\/font-awesome\/svgs\/solid\/map-marker-alt.svg)\"><\/i>\t<span class=\"property-single__info--list__label\"><\/span>\n\tMenev\u015fe Sokak 19 May\u0131s Mahallesi, Nil\u00fcfer, Bursa, Marmara B\u00f6lgesi, 19130, T\u00fcrkiye<\/div><\/div>\n\t\t\t<div class=\"property-block__info--excerpt\"><\/div>\n\t\t<\/div>\n\n\t\t<div class=\"property-block__meta\">\n\t\t\t<div class=\"property-block__meta--left\">\n<span class=\"directorist-info-item directorist-pricing-meta\">\n    \n<span class=\"directorist-listing-price\">TL28.500.000,00<\/span><\/span><\/div>\n\t\t\t<div class=\"property-block__meta--right\">\n<div class=\"property-listing-link\">\n   <a href=\"https:\/\/www.resitalbalatgayrimenkul.com\/?at_biz_dir=nilufer-19-mayista-61-sehir-manzarali-mustakil-satilik-villa\">\n      <i class=\"icon fa-solid fa-house\"><\/i>      Details   <\/a>\n<\/div><\/div>\n\t\t<\/div>\n\n\t<\/div>\n\n<\/div>            <\/div>\n                        <div class=\"directorist-col-4\">\n                \n<div class=\"property-block listing-has-thumb \">\n\n\t<div class=\"property-block__thumb\">\n\t\t<div class='directorist-thumnail-card directorist-card-full'><a href=\"https:\/\/www.resitalbalatgayrimenkul.com\/?at_biz_dir=776\"><img src='https:\/\/www.resitalbalatgayrimenkul.com\/wp-content\/uploads\/2025\/06\/x16_1241595257ph0-600x385.jpg' alt='x16_1241595257ph0' \/><\/a><\/div><div class=\"directorist-thumb-listing-author directorist-alignment-right\">\n    <a href=\"https:\/\/www.resitalbalatgayrimenkul.com\/?page_id=433\" aria-label=\"Author Image\" class=\"\">\n        <img alt='Resital Balat' src='https:\/\/secure.gravatar.com\/avatar\/5ef31376cba1a752da7417d4a2ee0aff62647661f1f11d2dee953542a88dc443?s=32&#038;d=mm&#038;r=g' class='avatar avatar-32 photo' height='32' width='32' \/>    <\/a>\n<\/div>\t\t<div class=\"property-thumb-top-left\"><\/div>\n\t\t<div class=\"property-thumb-top-right\">\n<button class=\"directorist-mark-as-favorite__btn  directorist-fav_776\" data-listing_id=\"776\" aria-label=\"Add to Favorite Button\">\n    <span class=\"directorist-favorite-icon\"><\/span>\n    <span class=\"directorist-favorite-tooltip\"><\/span>\n<\/button><\/div>\n\t\t<div class=\"property-thumb-bottom-left\"><\/div>\n\t\t<div class=\"property-thumb-bottom-right\"><\/div>\n\t<\/div>\n\n\t<div class=\"property-block__content\">\n\n\t\t<div class=\"property-block__info\">\n\t\t\t<div class=\"property-block__info--top\">\n<h2 class=\"directorist-listing-title\"><a href=\"https:\/\/www.resitalbalatgayrimenkul.com\/?at_biz_dir=776\">AKPINAR ORSEP V\u0130LLARI&#8217;NDA 5+1 SATILIK V\u0130LLA<\/a><\/h2>\n\n<\/div>\n\t\t\t<div class=\"property-block__info--list\">\n<div class=\"property-card-address info-fullwidth\">\n\t<i class=\"directorist-icon-mask\" aria-hidden=\"true\" style=\"--directorist-icon: url(https:\/\/www.resitalbalatgayrimenkul.com\/wp-content\/plugins\/directorist\/assets\/icons\/font-awesome\/svgs\/solid\/map-marker-alt.svg)\"><\/i>\t<span class=\"property-single__info--list__label\"><\/span>\n\tHakimiyet Caddesi, Akp\u0131nar Mahallesi, Hamitler Mahallesi, Osmangazi, Bursa, Marmara B\u00f6lgesi, 16000, T\u00fcrkiye<\/div><\/div>\n\t\t\t<div class=\"property-block__info--excerpt\"><\/div>\n\t\t<\/div>\n\n\t\t<div class=\"property-block__meta\">\n\t\t\t<div class=\"property-block__meta--left\">\n<span class=\"directorist-info-item directorist-pricing-meta\">\n    \n<span class=\"directorist-listing-price\">TL19.500.000,00<\/span><\/span><\/div>\n\t\t\t<div class=\"property-block__meta--right\">\n<div class=\"property-listing-link\">\n   <a href=\"https:\/\/www.resitalbalatgayrimenkul.com\/?at_biz_dir=776\">\n      <i class=\"icon fa-solid fa-house\"><\/i>      Details   <\/a>\n<\/div><\/div>\n\t\t<\/div>\n\n\t<\/div>\n\n<\/div>            <\/div>\n            \n            <\/div>\n\n            \n            \n            <\/div>\n<\/div>\t\t\t\t\t<\/section>\n\t\t\t\t<\/div>\n\t\t\t<\/div>\n\t\t<\/div>\n\t<\/div>\n\n<\/div><\/div>\t\t\t\t<\/div>\n\t\t\t\t<\/div>\n\t\t\t\t\t<\/div>\n\t\t\t\t<\/div>\n\t\t\t\t<\/div>\n\t\t","protected":false},"excerpt":{"rendered":"<p>Apartman Genel Villa Anahtar Kelime Kategori Kategori Se\u00e7 Konum Listelemeyi Ara More Filtreler T\u00fcm\u00fcn\u00fc Temizle Apply Filters Reset Filters Yeni BE\u015eEVLER KONAK N\u0130L\u00dcFER HATUN EVLER\u0130 SATILIK 5+1 DUBLEKS DA\u0130RE E\u011fitimciler [&hellip;]<\/p>\n","protected":false},"author":1,"featured_media":0,"parent":0,"menu_order":0,"comment_status":"closed","ping_status":"closed","template":"","meta":{"footnotes":""},"class_list":["post-418","page","type-page","status-publish","hentry"],"_links":{"self":[{"href":"https:\/\/www.resitalbalatgayrimenkul.com\/index.php?rest_route=\/wp\/v2\/pages\/418","targetHints":{"allow":["GET"]}}],"collection":[{"href":"https:\/\/www.resitalbalatgayrimenkul.com\/index.php?rest_route=\/wp\/v2\/pages"}],"about":[{"href":"https:\/\/www.resitalbalatgayrimenkul.com\/index.php?rest_route=\/wp\/v2\/types\/page"}],"author":[{"embeddable":true,"href":"https:\/\/www.resitalbalatgayrimenkul.com\/index.php?rest_route=\/wp\/v2\/users\/1"}],"replies":[{"embeddable":true,"href":"https:\/\/www.resitalbalatgayrimenkul.com\/index.php?rest_route=%2Fwp%2Fv2%2Fcomments&post=418"}],"version-history":[{"count":21,"href":"https:\/\/www.resitalbalatgayrimenkul.com\/index.php?rest_route=\/wp\/v2\/pages\/418\/revisions"}],"predecessor-version":[{"id":948,"href":"https:\/\/www.resitalbalatgayrimenkul.com\/index.php?rest_route=\/wp\/v2\/pages\/418\/revisions\/948"}],"wp:attachment":[{"href":"https:\/\/www.resitalbalatgayrimenkul.com\/index.php?rest_route=%2Fwp%2Fv2%2Fmedia&parent=418"}],"curies":[{"name":"wp","href":"https:\/\/api.w.org\/{rel}","templated":true}]}}