{"id":422,"date":"2025-04-11T04:30:26","date_gmt":"2025-04-11T01:30:26","guid":{"rendered":"https:\/\/gaviaspreview.com\/wp\/homirx\/?page_id=29"},"modified":"2025-06-10T10:42:24","modified_gmt":"2025-06-10T07:42:24","slug":"kurumsal","status":"publish","type":"page","link":"https:\/\/www.resitalbalatgayrimenkul.com\/?page_id=422","title":{"rendered":"Kurumsal"},"content":{"rendered":"\t\t<div data-elementor-type=\"wp-page\" data-elementor-id=\"422\" class=\"elementor elementor-422\">\n\t\t\t\t<div class=\"elementor-element elementor-element-13be3e0 e-flex e-con-boxed e-con e-parent\" data-id=\"13be3e0\" data-element_type=\"container\" data-e-type=\"container\" data-settings=\"{&quot;background_background&quot;:&quot;classic&quot;}\">\n\t\t\t\t\t<div class=\"e-con-inner\">\n\t\t<div class=\"elementor-element elementor-element-505b865 e-con-full e-flex e-con e-child\" data-id=\"505b865\" data-element_type=\"container\" data-e-type=\"container\">\n\t\t\t\t<div class=\"elementor-element elementor-element-19bf04b elementor-widget elementor-widget-gva-heading-block\" data-id=\"19bf04b\" data-element_type=\"widget\" data-e-type=\"widget\" data-widget_type=\"gva-heading-block.default\">\n\t\t\t\t<div class=\"elementor-widget-container\">\n\t\t\t\t\t<div class=\"gva-element-gva-heading-block gva-element\">\r\n   <div class=\"align-left style-1 widget gsc-heading box-align-left auto-responsive\">\r\n      \r\n      <div class=\"content-inner\">\r\n                  \r\n         <div class=\"sub-title\"><span class=\"tagline\">Resital Balat Gayrimenkul<\/span><\/div>  \r\n         \r\n                     <h2 class=\"title\">\r\n               <span>Gayrimenkulde G\u00fcvenin ve Kalitenin Adresi\n<\/span>\r\n            <\/h2>\r\n                  \r\n                     <div class=\"title-desc\">Resital Balat Gayrimenkul, Resital markas\u0131n\u0131n sekt\u00f6rdeki g\u00fc\u00e7l\u00fc deneyimini Balat b\u00f6lgesine ta\u015f\u0131yan profesyonel bir gayrimenkul dan\u0131\u015fmanl\u0131k ofisidir. Sat\u0131l\u0131k ve kiral\u0131k konutlardan ticari gayrimenkullere, arsa yat\u0131r\u0131mlar\u0131ndan proje sat\u0131\u015f y\u00f6netimine kadar geni\u015f bir portf\u00f6y ile m\u00fc\u015fterilerimize g\u00fcvenilir, \u015feffaf ve \u00e7\u00f6z\u00fcm odakl\u0131 hizmetler sunuyoruz.\n\n<\/div>\r\n         \r\n               <\/div>\r\n\r\n   <\/div>\r\n\r\n<\/div>\t\t\t\t<\/div>\n\t\t\t\t<\/div>\n\t\t\t\t<\/div>\n\t\t<div class=\"elementor-element elementor-element-7a7f886 e-con-full e-flex e-con e-child\" data-id=\"7a7f886\" data-element_type=\"container\" data-e-type=\"container\">\n\t\t\t\t<div class=\"elementor-element elementor-element-628a340 elementor-widget elementor-widget-gva-counter\" data-id=\"628a340\" data-element_type=\"widget\" data-e-type=\"widget\" data-widget_type=\"gva-counter.default\">\n\t\t\t\t<div class=\"elementor-widget-container\">\n\t\t\t\t\t<div class=\"gva-element-gva-counter gva-element\">\r\n   \r\n         <div class=\"milestone-two__single\">\r\n         <div class=\"milestone-two__content\">\r\n                        <div class=\"milestone-two__number\">\r\n               <span class=\"milestone-number\">1000<\/span><span class=\"symbol before\">+<\/span>            <\/div>\r\n            <div class=\"milestone-two__title\">Mutlu M\u00fc\u015fteri<\/div>         <\/div>\r\n\r\n         \r\n         \r\n               <\/div> \r\n   \r\n   <\/div>\t\t\t\t<\/div>\n\t\t\t\t<\/div>\n\t\t\t\t<div class=\"elementor-element elementor-element-08fb102 elementor-view-default elementor-widget elementor-widget-icon\" data-id=\"08fb102\" data-element_type=\"widget\" data-e-type=\"widget\" data-widget_type=\"icon.default\">\n\t\t\t\t<div class=\"elementor-widget-container\">\n\t\t\t\t\t\t\t<div class=\"elementor-icon-wrapper\">\n\t\t\t<div class=\"elementor-icon\">\n\t\t\t<i aria-hidden=\"true\" class=\"fas fa-square\"><\/i>\t\t\t<\/div>\n\t\t<\/div>\n\t\t\t\t\t\t<\/div>\n\t\t\t\t<\/div>\n\t\t\t\t<div class=\"elementor-element elementor-element-67a55c1 elementor-widget elementor-widget-gva-counter\" data-id=\"67a55c1\" data-element_type=\"widget\" data-e-type=\"widget\" data-widget_type=\"gva-counter.default\">\n\t\t\t\t<div class=\"elementor-widget-container\">\n\t\t\t\t\t<div class=\"gva-element-gva-counter gva-element\">\r\n   \r\n         <div class=\"milestone-two__single\">\r\n         <div class=\"milestone-two__content\">\r\n                        <div class=\"milestone-two__number\">\r\n               <span class=\"milestone-number\">15<\/span><span class=\"symbol before\">+ Y\u0131l<\/span>            <\/div>\r\n            <div class=\"milestone-two__title\">Piyasa Tecr\u00fcbesi<\/div>         <\/div>\r\n\r\n         \r\n         \r\n               <\/div> \r\n   \r\n   <\/div>\t\t\t\t<\/div>\n\t\t\t\t<\/div>\n\t\t\t\t<div class=\"elementor-element elementor-element-56541e7 elementor-view-default elementor-widget elementor-widget-icon\" data-id=\"56541e7\" data-element_type=\"widget\" data-e-type=\"widget\" data-widget_type=\"icon.default\">\n\t\t\t\t<div class=\"elementor-widget-container\">\n\t\t\t\t\t\t\t<div class=\"elementor-icon-wrapper\">\n\t\t\t<div class=\"elementor-icon\">\n\t\t\t<i aria-hidden=\"true\" class=\"fas fa-square\"><\/i>\t\t\t<\/div>\n\t\t<\/div>\n\t\t\t\t\t\t<\/div>\n\t\t\t\t<\/div>\n\t\t\t\t<div class=\"elementor-element elementor-element-7a61109 elementor-widget elementor-widget-gva-counter\" data-id=\"7a61109\" data-element_type=\"widget\" data-e-type=\"widget\" data-widget_type=\"gva-counter.default\">\n\t\t\t\t<div class=\"elementor-widget-container\">\n\t\t\t\t\t<div class=\"gva-element-gva-counter gva-element\">\r\n   \r\n         <div class=\"milestone-two__single\">\r\n         <div class=\"milestone-two__content\">\r\n                        <div class=\"milestone-two__number\">\r\n               <span class=\"milestone-number\">100<\/span><span class=\"symbol before\">%<\/span>            <\/div>\r\n            <div class=\"milestone-two__title\">M\u00fc\u015fteri Memnuniyeti<\/div>         <\/div>\r\n\r\n         \r\n         \r\n               <\/div> \r\n   \r\n   <\/div>\t\t\t\t<\/div>\n\t\t\t\t<\/div>\n\t\t\t\t<\/div>\n\t\t<div class=\"elementor-element elementor-element-87b2ed5 e-con-full e-flex e-con e-child\" data-id=\"87b2ed5\" data-element_type=\"container\" data-e-type=\"container\">\n\t\t\t\t<\/div>\n\t\t\t\t\t<\/div>\n\t\t\t\t<\/div>\n\t\t<div class=\"elementor-element elementor-element-40adde0 e-flex e-con-boxed e-con e-parent\" data-id=\"40adde0\" data-element_type=\"container\" data-e-type=\"container\" data-settings=\"{&quot;background_background&quot;:&quot;classic&quot;}\">\n\t\t\t\t\t<div class=\"e-con-inner\">\n\t\t<div class=\"elementor-element elementor-element-ff3625c e-con-full e-flex e-con e-child\" data-id=\"ff3625c\" data-element_type=\"container\" data-e-type=\"container\">\n\t\t\t\t<div class=\"elementor-element elementor-element-1de6c34 elementor-widget elementor-widget-gva-heading-block\" data-id=\"1de6c34\" data-element_type=\"widget\" data-e-type=\"widget\" data-widget_type=\"gva-heading-block.default\">\n\t\t\t\t<div class=\"elementor-widget-container\">\n\t\t\t\t\t<div class=\"gva-element-gva-heading-block gva-element\">\r\n   <div class=\"align-left style-1 widget gsc-heading box-align-left auto-responsive\">\r\n      \r\n      <div class=\"content-inner\">\r\n                  \r\n           \r\n         \r\n                     <h2 class=\"title\">\r\n               <span>\nHayal De\u011fil, Ger\u00e7ek Ya\u015fam Alanlar\u0131 \u0130\u00e7in Buraday\u0131z\n<\/span>\r\n            <\/h2>\r\n                  \r\n                     <div class=\"title-desc\">Gayrimenkul sekt\u00f6r\u00fc sadece metrekarelerden ibaret de\u011fildir. Bizim i\u00e7in her ev bir hayat hik\u00e2yesi, her yat\u0131r\u0131m bir gelecek plan\u0131d\u0131r.\nResital Balat Gayrimenkul olarak, sizi ger\u00e7ekten anlayan, ihtiya\u00e7lar\u0131n\u0131za \u00f6zel \u00e7\u00f6z\u00fcmler sunan bir ekiple \u00e7al\u0131\u015fman\u0131n fark\u0131n\u0131 ya\u015fatmak istiyoruz.<\/div>\r\n         \r\n               <\/div>\r\n\r\n   <\/div>\r\n\r\n<\/div>\t\t\t\t<\/div>\n\t\t\t\t<\/div>\n\t\t\t\t<\/div>\n\t\t<div class=\"elementor-element elementor-element-85325d7 e-con-full e-flex e-con e-child\" data-id=\"85325d7\" data-element_type=\"container\" data-e-type=\"container\">\n\t\t<div class=\"elementor-element elementor-element-5a11a87 e-con-full e-flex e-con e-child\" data-id=\"5a11a87\" data-element_type=\"container\" data-e-type=\"container\">\n\t\t\t\t<div class=\"elementor-element elementor-element-ea5dd61 elementor-icon-list--layout-inline elementor-list-item-link-full_width elementor-widget elementor-widget-icon-list\" data-id=\"ea5dd61\" data-element_type=\"widget\" data-e-type=\"widget\" data-widget_type=\"icon-list.default\">\n\t\t\t\t<div class=\"elementor-widget-container\">\n\t\t\t\t\t\t\t<ul class=\"elementor-icon-list-items elementor-inline-items\">\n\t\t\t\t\t\t\t<li class=\"elementor-icon-list-item elementor-inline-item\">\n\t\t\t\t\t\t\t\t\t\t\t<span class=\"elementor-icon-list-icon\">\n\t\t\t\t\t\t\t<i aria-hidden=\"true\" class=\" hicon-arrow-right-1\"><\/i>\t\t\t\t\t\t<\/span>\n\t\t\t\t\t\t\t\t\t\t<span class=\"elementor-icon-list-text\">Ev ararken sadece d\u00f6rt duvar\u0131 de\u011fil, ya\u015fam tarz\u0131n\u0131z\u0131, ihtiya\u00e7lar\u0131n\u0131z\u0131 ve hayallerinizi \u00f6nemsiyoruz.<\/span>\n\t\t\t\t\t\t\t\t\t<\/li>\n\t\t\t\t\t\t\t\t<li class=\"elementor-icon-list-item elementor-inline-item\">\n\t\t\t\t\t\t\t\t\t\t\t<span class=\"elementor-icon-list-icon\">\n\t\t\t\t\t\t\t<i aria-hidden=\"true\" class=\" hicon-arrow-right-1\"><\/i>\t\t\t\t\t\t<\/span>\n\t\t\t\t\t\t\t\t\t\t<span class=\"elementor-icon-list-text\">Yat\u0131r\u0131m yaparken yaln\u0131z bug\u00fcn\u00fc de\u011fil, yar\u0131n\u0131n de\u011ferini birlikte planl\u0131yoruz.<\/span>\n\t\t\t\t\t\t\t\t\t<\/li>\n\t\t\t\t\t\t\t\t<li class=\"elementor-icon-list-item elementor-inline-item\">\n\t\t\t\t\t\t\t\t\t\t\t<span class=\"elementor-icon-list-icon\">\n\t\t\t\t\t\t\t<i aria-hidden=\"true\" class=\" hicon-arrow-right-1\"><\/i>\t\t\t\t\t\t<\/span>\n\t\t\t\t\t\t\t\t\t\t<span class=\"elementor-icon-list-text\"> Karar verirken sadece fiyat\u0131 de\u011fil, lokasyonu, potansiyeli ve size katt\u0131\u011f\u0131 ya\u015fam kalitesini de\u011ferlendiriyoruz.<\/span>\n\t\t\t\t\t\t\t\t\t<\/li>\n\t\t\t\t\t\t\t\t<li class=\"elementor-icon-list-item elementor-inline-item\">\n\t\t\t\t\t\t\t\t\t\t\t<span class=\"elementor-icon-list-icon\">\n\t\t\t\t\t\t\t<i aria-hidden=\"true\" class=\" hicon-arrow-right-1\"><\/i>\t\t\t\t\t\t<\/span>\n\t\t\t\t\t\t\t\t\t\t<span class=\"elementor-icon-list-text\">Sat\u0131\u015ftan sonras\u0131n\u0131 da \u00f6nemsiyoruz; her ad\u0131mda yan\u0131n\u0131zda olmay\u0131 taahh\u00fct ediyoruz.<\/span>\n\t\t\t\t\t\t\t\t\t<\/li>\n\t\t\t\t\t\t<\/ul>\n\t\t\t\t\t\t<\/div>\n\t\t\t\t<\/div>\n\t\t\t\t<div class=\"elementor-element elementor-element-d29fde4 elementor-widget elementor-widget-html\" data-id=\"d29fde4\" data-element_type=\"widget\" data-e-type=\"widget\" data-widget_type=\"html.default\">\n\t\t\t\t<div class=\"elementor-widget-container\">\n\t\t\t\t\t<a href=\"https:\/\/gaviaspreview.com\/wp\/homirx\/contact\/\" class=\"btn-border-theme-3\"><span class=\"btn-icon\"><i aria-hidden=\"true\" class=\"hicon-home\"><\/i><\/span>\n    Bize Ula\u015f\u0131n\n    <\/a>\t\t\t\t<\/div>\n\t\t\t\t<\/div>\n\t\t\t\t<\/div>\n\t\t\t\t<\/div>\n\t\t\t\t\t<\/div>\n\t\t\t\t<\/div>\n\t\t<div class=\"elementor-element elementor-element-aa28aeb e-flex e-con-boxed e-con e-parent\" data-id=\"aa28aeb\" data-element_type=\"container\" data-e-type=\"container\" data-settings=\"{&quot;background_background&quot;:&quot;classic&quot;}\">\n\t\t\t\t\t<div class=\"e-con-inner\">\n\t\t<div class=\"elementor-element elementor-element-1db1bc9 e-con-full e-flex e-con e-child\" data-id=\"1db1bc9\" data-element_type=\"container\" data-e-type=\"container\">\n\t\t\t\t<div class=\"elementor-element elementor-element-78f9939 elementor-widget elementor-widget-gva-heading-block\" data-id=\"78f9939\" data-element_type=\"widget\" data-e-type=\"widget\" data-widget_type=\"gva-heading-block.default\">\n\t\t\t\t<div class=\"elementor-widget-container\">\n\t\t\t\t\t<div class=\"gva-element-gva-heading-block gva-element\">\r\n   <div class=\"align-left style-1 widget gsc-heading box-align-left auto-responsive\">\r\n      \r\n      <div class=\"content-inner\">\r\n                  \r\n         <div class=\"sub-title\"><span class=\"tagline\">Resital Balat Gayrimenkul<\/span><\/div>  \r\n         \r\n                     <h2 class=\"title\">\r\n               <span>Ekibimiz<\/span>\r\n            <\/h2>\r\n                  \r\n         \r\n               <\/div>\r\n\r\n   <\/div>\r\n\r\n<\/div>\t\t\t\t<\/div>\n\t\t\t\t<\/div>\n\t\t\t\t<\/div>\n\t\t<div class=\"elementor-element elementor-element-96ff4de e-con-full e-flex e-con e-child\" data-id=\"96ff4de\" data-element_type=\"container\" data-e-type=\"container\">\n\t\t\t\t<\/div>\n\t\t<div class=\"elementor-element elementor-element-bdf66a9 e-con-full e-flex e-con e-child\" data-id=\"bdf66a9\" data-element_type=\"container\" data-e-type=\"container\">\n\t\t\t\t<div class=\"elementor-element elementor-element-6eb34f6 elementor-widget elementor-widget-gva-team\" data-id=\"6eb34f6\" data-element_type=\"widget\" data-e-type=\"widget\" data-widget_type=\"gva-team.default\">\n\t\t\t\t<div class=\"elementor-widget-container\">\n\t\t\t\t\t<div class=\"gva-element-gva-team gva-element\">\r\n<div class=\"swiper-slider-wrapper gsc-team layout-carousel \">\r\n   <div class=\"swiper-content-inner\">   \r\n      <div class=\"init-carousel-swiper swiper\" data-carousel=\"{&quot;items&quot;:3,&quot;items_lg&quot;:3,&quot;items_md&quot;:2,&quot;items_sm&quot;:2,&quot;items_xs&quot;:1,&quot;items_xx&quot;:1,&quot;effect&quot;:&quot;slide&quot;,&quot;space_between&quot;:30,&quot;loop&quot;:1,&quot;speed&quot;:600,&quot;autoplay&quot;:0,&quot;autoplay_delay&quot;:4500,&quot;autoplay_hover&quot;:1,&quot;navigation&quot;:1,&quot;pagination&quot;:0,&quot;dynamic_bullets&quot;:0,&quot;pagination_type&quot;:&quot;bullets&quot;}\">\r\n         <div class=\"swiper-wrapper\">\r\n                           <div class=\"swiper-slide\">\r\n                  \r\n   <div class=\"team-one__single\">\r\n   \t   \t\t<div class=\"team-one__image\">\r\n            <img decoding=\"async\" src=\"https:\/\/www.resitalbalatgayrimenkul.com\/wp-content\/uploads\/2025\/06\/resital-balat-team-alper-odemis.jpg\" alt=\"\" \/>  \r\n            \r\n   \t\t<\/div>\r\n   \t\t\r\n      <div class=\"team-one__content\">\r\n         <div class=\"team-one__socials\">\r\n            <div class=\"team-one__social-links\">\r\n                           <\/div> \r\n            <div class=\"team-one__social-control\"><a><i class=\"fa-solid fa-share-nodes\"><\/i><\/a><\/div>\r\n         <\/div>\r\n         <div class=\"team-one__content-inner\">\r\n      \t\t      \t\t\t<h3 class=\"team-one__name\">\r\n                  Alper \u00d6demi\u015f   \r\n               <\/h3>\r\n      \t\t      \t\t      \t\t\t<div class=\"team-one__job\">Broker<\/div>\r\n      \t\t      \t\t                  \t<\/div>\r\n      <\/div>\r\n   <\/div>\t\t\r\n               <\/div>\r\n                           <div class=\"swiper-slide\">\r\n                  \r\n   <div class=\"team-one__single\">\r\n   \t   \t\t<div class=\"team-one__image\">\r\n            <img decoding=\"async\" src=\"https:\/\/www.resitalbalatgayrimenkul.com\/wp-content\/uploads\/2025\/06\/resital-balat-team-adil-altinay.jpg\" alt=\"\" \/>  \r\n            \r\n   \t\t<\/div>\r\n   \t\t\r\n      <div class=\"team-one__content\">\r\n         <div class=\"team-one__socials\">\r\n            <div class=\"team-one__social-links\">\r\n                           <\/div> \r\n            <div class=\"team-one__social-control\"><a><i class=\"fa-solid fa-share-nodes\"><\/i><\/a><\/div>\r\n         <\/div>\r\n         <div class=\"team-one__content-inner\">\r\n      \t\t      \t\t\t<h3 class=\"team-one__name\">\r\n                  Adil Alt\u0131nay   \r\n               <\/h3>\r\n      \t\t      \t\t      \t\t\t<div class=\"team-one__job\">Broker<\/div>\r\n      \t\t      \t\t                  \t<\/div>\r\n      <\/div>\r\n   <\/div>\t\t\r\n               <\/div>\r\n                           <div class=\"swiper-slide\">\r\n                  \r\n   <div class=\"team-one__single\">\r\n   \t   \t\t<div class=\"team-one__image\">\r\n            <img decoding=\"async\" src=\"https:\/\/www.resitalbalatgayrimenkul.com\/wp-content\/uploads\/2025\/06\/resital-balat-team-kayahan-akcay.jpg\" alt=\"\" \/>  \r\n            \r\n   \t\t<\/div>\r\n   \t\t\r\n      <div class=\"team-one__content\">\r\n         <div class=\"team-one__socials\">\r\n            <div class=\"team-one__social-links\">\r\n                           <\/div> \r\n            <div class=\"team-one__social-control\"><a><i class=\"fa-solid fa-share-nodes\"><\/i><\/a><\/div>\r\n         <\/div>\r\n         <div class=\"team-one__content-inner\">\r\n      \t\t      \t\t\t<h3 class=\"team-one__name\">\r\n                  Kayahan Ak\u00e7ay   \r\n               <\/h3>\r\n      \t\t      \t\t      \t\t\t<div class=\"team-one__job\">Gayrimenkul Dan\u0131\u015fman\u0131<\/div>\r\n      \t\t      \t\t                  \t<\/div>\r\n      <\/div>\r\n   <\/div>\t\t\r\n               <\/div>\r\n                     <\/div> \r\n      <\/div>\r\n   <\/div>   \r\n   <div class=\"swiper-pagination\"><\/div>   <div class=\"swiper-nav-next\"><\/div><div class=\"swiper-nav-prev\"><\/div><\/div>\r\n<\/div>\t\t\t\t<\/div>\n\t\t\t\t<\/div>\n\t\t\t\t<\/div>\n\t\t\t\t\t<\/div>\n\t\t\t\t<\/div>\n\t\t<div class=\"elementor-element elementor-element-2fbe157 e-flex e-con-boxed e-con e-parent\" data-id=\"2fbe157\" data-element_type=\"container\" data-e-type=\"container\" data-settings=\"{&quot;background_background&quot;:&quot;classic&quot;}\">\n\t\t\t\t\t<div class=\"e-con-inner\">\n\t\t<div class=\"elementor-element elementor-element-1e75a56 e-con-full e-flex e-con e-child\" data-id=\"1e75a56\" data-element_type=\"container\" data-e-type=\"container\">\n\t\t<div class=\"elementor-element elementor-element-37eda60 e-con-full e-flex e-con e-child\" data-id=\"37eda60\" data-element_type=\"container\" data-e-type=\"container\" data-settings=\"{&quot;background_background&quot;:&quot;classic&quot;}\">\n\t\t<div class=\"elementor-element elementor-element-d681abf e-con-full e-flex e-con e-child\" data-id=\"d681abf\" data-element_type=\"container\" data-e-type=\"container\">\n\t\t\t\t<div class=\"elementor-element elementor-element-8feda6d elementor-widget elementor-widget-gva-heading-block\" data-id=\"8feda6d\" data-element_type=\"widget\" data-e-type=\"widget\" data-widget_type=\"gva-heading-block.default\">\n\t\t\t\t<div class=\"elementor-widget-container\">\n\t\t\t\t\t<div class=\"gva-element-gva-heading-block gva-element\">\r\n   <div class=\"align-left style-1 widget gsc-heading box-align-left auto-responsive\">\r\n      \r\n      <div class=\"content-inner\">\r\n                  \r\n         <div class=\"sub-title\"><span class=\"tagline\">Resital Balay Gayrimenkul<\/span><\/div>  \r\n         \r\n                     <h2 class=\"title\">\r\n               <span>Do\u011fru Adreste, Do\u011fru Yat\u0131r\u0131m<\/span>\r\n            <\/h2>\r\n                  \r\n         \r\n                     <div class=\"heading-action\">\r\n               \t\t  <a href=\"#\" class=\"btn-cta btn-border-white \">\r\n\t\t\t <span>Portf\u00f6y\u00fcm\u00fcz<\/span>\r\n\t\t  <\/a>\r\n\r\n\t\t              <\/div>\r\n               <\/div>\r\n\r\n   <\/div>\r\n\r\n<\/div>\t\t\t\t<\/div>\n\t\t\t\t<\/div>\n\t\t\t\t<\/div>\n\t\t\t\t<\/div>\n\t\t\t\t<\/div>\n\t\t\t\t\t<\/div>\n\t\t\t\t<\/div>\n\t\t\t\t<\/div>\n\t\t","protected":false},"excerpt":{"rendered":"<p>Resital Balat Gayrimenkul Gayrimenkulde G\u00fcvenin ve Kalitenin Adresi Resital Balat Gayrimenkul, Resital markas\u0131n\u0131n sekt\u00f6rdeki g\u00fc\u00e7l\u00fc deneyimini Balat b\u00f6lgesine ta\u015f\u0131yan profesyonel bir gayrimenkul dan\u0131\u015fmanl\u0131k ofisidir. Sat\u0131l\u0131k ve kiral\u0131k konutlardan ticari gayrimenkullere, [&hellip;]<\/p>\n","protected":false},"author":1,"featured_media":0,"parent":0,"menu_order":0,"comment_status":"closed","ping_status":"closed","template":"","meta":{"footnotes":""},"class_list":["post-422","page","type-page","status-publish","hentry"],"_links":{"self":[{"href":"https:\/\/www.resitalbalatgayrimenkul.com\/index.php?rest_route=\/wp\/v2\/pages\/422","targetHints":{"allow":["GET"]}}],"collection":[{"href":"https:\/\/www.resitalbalatgayrimenkul.com\/index.php?rest_route=\/wp\/v2\/pages"}],"about":[{"href":"https:\/\/www.resitalbalatgayrimenkul.com\/index.php?rest_route=\/wp\/v2\/types\/page"}],"author":[{"embeddable":true,"href":"https:\/\/www.resitalbalatgayrimenkul.com\/index.php?rest_route=\/wp\/v2\/users\/1"}],"replies":[{"embeddable":true,"href":"https:\/\/www.resitalbalatgayrimenkul.com\/index.php?rest_route=%2Fwp%2Fv2%2Fcomments&post=422"}],"version-history":[{"count":70,"href":"https:\/\/www.resitalbalatgayrimenkul.com\/index.php?rest_route=\/wp\/v2\/pages\/422\/revisions"}],"predecessor-version":[{"id":1051,"href":"https:\/\/www.resitalbalatgayrimenkul.com\/index.php?rest_route=\/wp\/v2\/pages\/422\/revisions\/1051"}],"wp:attachment":[{"href":"https:\/\/www.resitalbalatgayrimenkul.com\/index.php?rest_route=%2Fwp%2Fv2%2Fmedia&parent=422"}],"curies":[{"name":"wp","href":"https:\/\/api.w.org\/{rel}","templated":true}]}}